{"id":1886,"date":"2026-03-27T18:48:42","date_gmt":"2026-03-27T15:48:42","guid":{"rendered":"https:\/\/pandiones.com\/?post_type=product&#038;p=1886"},"modified":"2026-03-27T18:51:02","modified_gmt":"2026-03-27T15:51:02","slug":"kadin-pembe-dantelli-balenli-sutyen-ve-slip-set","status":"publish","type":"product","link":"https:\/\/pandiones.com\/?product=kadin-pembe-dantelli-balenli-sutyen-ve-slip-set","title":{"rendered":"Kad\u0131n Pembe Dantelli Balenli S\u00fctyen ve Slip Set"},"content":{"rendered":"<p>&#8211; \u00c7izgili deseni ile \u015f\u0131kl\u0131\u011f\u0131 ve rahatl\u0131\u011f\u0131 bir arada sunar.<\/p>\n<p>&#8211; Balenli yap\u0131s\u0131 sayesinde destekleyici ve konforlu bir kullan\u0131m sa\u011flar.<\/p>\n<p>&#8211; %5 elastan i\u00e7eri\u011fi esneklik kazand\u0131r\u0131rken, %95 polyester materyali dayan\u0131kl\u0131l\u0131\u011f\u0131 artt\u0131r\u0131r.<\/p>\n<p>&#8211; Elde veya makinede 30\u00b0C&#8217;de y\u0131kanabilir olmas\u0131 pratik bak\u0131m imkan\u0131 tan\u0131r.<\/p>\n<p>&#8211; Ask\u0131l\u0131 kol boyu ile omuzlar\u0131 serbest b\u0131rakarak hafif bir kullan\u0131m sunar.<\/p>\n<p>&#8211; Normal bel tasar\u0131m\u0131 g\u00fcnl\u00fck aktivitelerinizde rahat hareket etmenizi sa\u011flar.<\/p>\n<p>&#8211; Poliamid kar\u0131\u015f\u0131ml\u0131 kuma\u015f\u0131 yumu\u015fak dokusuyla teninize nazik\u00e7e dokunur.<\/p>\n<p>&#8211; S\u00fcrd\u00fcr\u00fclebilirlik detay\u0131na sahip olmayan bu \u00fcr\u00fcn, \u00e7evreye duyarl\u0131 tercihler yapmak isteyenler i\u00e7in ideal de\u011fildir.<\/p>\n<p>&#8211; Slip alt silueti ile minimalist ve zarif bir g\u00f6r\u00fcn\u00fcm elde edersiniz.<\/p>\n<p>&#8211; 2&#8217;li paketi sayesinde hem \u00fcst hem de alt par\u00e7a olarak ihtiyac\u0131n\u0131z olan par\u00e7alar\u0131 tek seferde temin edebilirsiniz.<\/p>\n<p>&#8211; \u0130\u00e7 giyim koleksiyonuna ait bu set, evde ya da lounge ortamlarda konforlu ve stil sahibi hissetmenizi sa\u011flar.<\/p>\n<p>&#8211; Push-up kap \u00f6zelli\u011fi g\u00f6\u011f\u00fcs b\u00f6lgesine ekstra destek vererek daha dolgun bir g\u00f6r\u00fcn\u00fcm olu\u015fturur.;<\/p>\n","protected":false},"excerpt":{"rendered":"<p>&#8211; \u00c7izgili deseni ile \u015f\u0131kl\u0131\u011f\u0131 ve rahatl\u0131\u011f\u0131 bir arada sunar. &#8211; Balenli yap\u0131s\u0131 sayesinde destekleyici ve konforlu bir kullan\u0131m sa\u011flar. &#8211; %5 elastan i\u00e7eri\u011fi esneklik kazand\u0131r\u0131rken, %95 polyester materyali dayan\u0131kl\u0131l\u0131\u011f\u0131 artt\u0131r\u0131r. &#8211; Elde veya makinede 30\u00b0C&#8217;de y\u0131kanabilir olmas\u0131 pratik bak\u0131m imkan\u0131 tan\u0131r. &#8211; Ask\u0131l\u0131 kol boyu ile omuzlar\u0131 serbest b\u0131rakarak hafif bir kullan\u0131m sunar. &#8211; [&hellip;]<\/p>\n","protected":false},"featured_media":1887,"comment_status":"open","ping_status":"closed","template":"","meta":{"_gspb_post_css":""},"product_brand":[119],"product_cat":[128,125],"product_tag":[133,132,130,136,131,135,134],"class_list":{"0":"post-1886","1":"product","2":"type-product","3":"status-publish","4":"has-post-thumbnail","6":"product_brand-pandiones","7":"product_cat-ic-camasir-takimi","8":"product_cat-ic-giyim","9":"product_tag-balenli","10":"product_tag-dantelli","11":"product_tag-kadin","12":"product_tag-pandiones","13":"product_tag-pembe","14":"product_tag-slip-set","15":"product_tag-sutyen","17":"first","18":"instock","19":"sale","20":"sold-individually","21":"taxable","22":"shipping-taxable","23":"purchasable","24":"product-type-variable","25":"has-default-attributes"},"composite_virtual":false,"composite_layout":"","composite_add_to_cart_form_location":"","composite_editable_in_cart":false,"composite_sold_individually_context":"","composite_shop_price_calc":"","composite_components":[],"composite_scenarios":[],"yoast_head":"<!-- This site is optimized with the Yoast SEO Premium plugin v27.1 (Yoast SEO v27.2) - https:\/\/yoast.com\/product\/yoast-seo-premium-wordpress\/ -->\n<title>Kad\u0131n Pembe Dantelli Balenli S\u00fctyen ve Slip Set - Pandiones<\/title>\n<meta name=\"robots\" content=\"index, follow, max-snippet:-1, max-image-preview:large, max-video-preview:-1\" \/>\n<link rel=\"canonical\" href=\"https:\/\/pandiones.com\/?product=kadin-pembe-dantelli-balenli-sutyen-ve-slip-set\" \/>\n<meta property=\"og:locale\" content=\"tr_TR\" \/>\n<meta property=\"og:type\" content=\"article\" \/>\n<meta property=\"og:title\" content=\"Kad\u0131n Pembe Dantelli Balenli S\u00fctyen ve Slip Set\" \/>\n<meta property=\"og:description\" content=\"&#8211; \u00c7izgili deseni ile \u015f\u0131kl\u0131\u011f\u0131 ve rahatl\u0131\u011f\u0131 bir arada sunar. &#8211; Balenli yap\u0131s\u0131 sayesinde destekleyici ve konforlu bir kullan\u0131m sa\u011flar. &#8211; %5 elastan i\u00e7eri\u011fi esneklik kazand\u0131r\u0131rken, %95 polyester materyali dayan\u0131kl\u0131l\u0131\u011f\u0131 artt\u0131r\u0131r. &#8211; Elde veya makinede 30\u00b0C&#8217;de y\u0131kanabilir olmas\u0131 pratik bak\u0131m imkan\u0131 tan\u0131r. &#8211; Ask\u0131l\u0131 kol boyu ile omuzlar\u0131 serbest b\u0131rakarak hafif bir kullan\u0131m sunar. &#8211; [&hellip;]\" \/>\n<meta property=\"og:url\" content=\"https:\/\/pandiones.com\/?product=kadin-pembe-dantelli-balenli-sutyen-ve-slip-set\" \/>\n<meta property=\"og:site_name\" content=\"Pandiones\" \/>\n<meta property=\"article:modified_time\" content=\"2026-03-27T15:51:02+00:00\" \/>\n<meta property=\"og:image\" content=\"https:\/\/pandiones.com\/wp-content\/uploads\/2026\/03\/1_org_zoom-7.webp\" \/>\n\t<meta property=\"og:image:width\" content=\"1200\" \/>\n\t<meta property=\"og:image:height\" content=\"1800\" \/>\n\t<meta property=\"og:image:type\" content=\"image\/webp\" \/>\n<meta name=\"twitter:card\" content=\"summary_large_image\" \/>\n<meta name=\"twitter:label1\" content=\"Tahmini okuma s\u00fcresi\" \/>\n\t<meta name=\"twitter:data1\" content=\"2 dakika\" \/>\n<script type=\"application\/ld+json\" class=\"yoast-schema-graph\">{\"@context\":\"https:\/\/schema.org\",\"@graph\":[{\"@type\":\"WebPage\",\"@id\":\"https:\/\/pandiones.com\/?product=kadin-pembe-dantelli-balenli-sutyen-ve-slip-set\",\"url\":\"https:\/\/pandiones.com\/?product=kadin-pembe-dantelli-balenli-sutyen-ve-slip-set\",\"name\":\"Kad\u0131n Pembe Dantelli Balenli S\u00fctyen ve Slip Set - Pandiones\",\"isPartOf\":{\"@id\":\"https:\/\/pandiones.com\/#website\"},\"primaryImageOfPage\":{\"@id\":\"https:\/\/pandiones.com\/?product=kadin-pembe-dantelli-balenli-sutyen-ve-slip-set#primaryimage\"},\"image\":{\"@id\":\"https:\/\/pandiones.com\/?product=kadin-pembe-dantelli-balenli-sutyen-ve-slip-set#primaryimage\"},\"thumbnailUrl\":\"https:\/\/pandiones.com\/wp-content\/uploads\/2026\/03\/1_org_zoom-7.webp\",\"datePublished\":\"2026-03-27T15:48:42+00:00\",\"dateModified\":\"2026-03-27T15:51:02+00:00\",\"breadcrumb\":{\"@id\":\"https:\/\/pandiones.com\/?product=kadin-pembe-dantelli-balenli-sutyen-ve-slip-set#breadcrumb\"},\"inLanguage\":\"tr\",\"potentialAction\":[{\"@type\":\"ReadAction\",\"target\":[\"https:\/\/pandiones.com\/?product=kadin-pembe-dantelli-balenli-sutyen-ve-slip-set\"]}]},{\"@type\":\"ImageObject\",\"inLanguage\":\"tr\",\"@id\":\"https:\/\/pandiones.com\/?product=kadin-pembe-dantelli-balenli-sutyen-ve-slip-set#primaryimage\",\"url\":\"https:\/\/pandiones.com\/wp-content\/uploads\/2026\/03\/1_org_zoom-7.webp\",\"contentUrl\":\"https:\/\/pandiones.com\/wp-content\/uploads\/2026\/03\/1_org_zoom-7.webp\",\"width\":1200,\"height\":1800},{\"@type\":\"BreadcrumbList\",\"@id\":\"https:\/\/pandiones.com\/?product=kadin-pembe-dantelli-balenli-sutyen-ve-slip-set#breadcrumb\",\"itemListElement\":[{\"@type\":\"ListItem\",\"position\":1,\"name\":\"Anasayfa\",\"item\":\"https:\/\/pandiones.com\/\"},{\"@type\":\"ListItem\",\"position\":2,\"name\":\"Shop\",\"item\":\"https:\/\/pandiones.com\/?page_id=1573\"},{\"@type\":\"ListItem\",\"position\":3,\"name\":\"Kad\u0131n Pembe Dantelli Balenli S\u00fctyen ve Slip Set\"}]},{\"@type\":\"WebSite\",\"@id\":\"https:\/\/pandiones.com\/#website\",\"url\":\"https:\/\/pandiones.com\/\",\"name\":\"Pandiones\",\"description\":\"G\u00fc\u00e7 ve Zerafet\",\"publisher\":{\"@id\":\"https:\/\/pandiones.com\/#organization\"},\"potentialAction\":[{\"@type\":\"SearchAction\",\"target\":{\"@type\":\"EntryPoint\",\"urlTemplate\":\"https:\/\/pandiones.com\/?s={search_term_string}\"},\"query-input\":{\"@type\":\"PropertyValueSpecification\",\"valueRequired\":true,\"valueName\":\"search_term_string\"}}],\"inLanguage\":\"tr\"},{\"@type\":\"Organization\",\"@id\":\"https:\/\/pandiones.com\/#organization\",\"name\":\"Pandiones\",\"url\":\"https:\/\/pandiones.com\/\",\"logo\":{\"@type\":\"ImageObject\",\"inLanguage\":\"tr\",\"@id\":\"https:\/\/pandiones.com\/#\/schema\/logo\/image\/\",\"url\":\"https:\/\/pandiones.com\/wp-content\/uploads\/2026\/03\/k.png\",\"contentUrl\":\"https:\/\/pandiones.com\/wp-content\/uploads\/2026\/03\/k.png\",\"width\":1527,\"height\":727,\"caption\":\"Pandiones\"},\"image\":{\"@id\":\"https:\/\/pandiones.com\/#\/schema\/logo\/image\/\"}}]}<\/script>\n<!-- \/ Yoast SEO Premium plugin. -->","yoast_head_json":{"title":"Kad\u0131n Pembe Dantelli Balenli S\u00fctyen ve Slip Set - Pandiones","robots":{"index":"index","follow":"follow","max-snippet":"max-snippet:-1","max-image-preview":"max-image-preview:large","max-video-preview":"max-video-preview:-1"},"canonical":"https:\/\/pandiones.com\/?product=kadin-pembe-dantelli-balenli-sutyen-ve-slip-set","og_locale":"tr_TR","og_type":"article","og_title":"Kad\u0131n Pembe Dantelli Balenli S\u00fctyen ve Slip Set","og_description":"&#8211; \u00c7izgili deseni ile \u015f\u0131kl\u0131\u011f\u0131 ve rahatl\u0131\u011f\u0131 bir arada sunar. &#8211; Balenli yap\u0131s\u0131 sayesinde destekleyici ve konforlu bir kullan\u0131m sa\u011flar. &#8211; %5 elastan i\u00e7eri\u011fi esneklik kazand\u0131r\u0131rken, %95 polyester materyali dayan\u0131kl\u0131l\u0131\u011f\u0131 artt\u0131r\u0131r. &#8211; Elde veya makinede 30\u00b0C&#8217;de y\u0131kanabilir olmas\u0131 pratik bak\u0131m imkan\u0131 tan\u0131r. &#8211; Ask\u0131l\u0131 kol boyu ile omuzlar\u0131 serbest b\u0131rakarak hafif bir kullan\u0131m sunar. &#8211; [&hellip;]","og_url":"https:\/\/pandiones.com\/?product=kadin-pembe-dantelli-balenli-sutyen-ve-slip-set","og_site_name":"Pandiones","article_modified_time":"2026-03-27T15:51:02+00:00","og_image":[{"width":1200,"height":1800,"url":"https:\/\/pandiones.com\/wp-content\/uploads\/2026\/03\/1_org_zoom-7.webp","type":"image\/webp"}],"twitter_card":"summary_large_image","twitter_misc":{"Tahmini okuma s\u00fcresi":"2 dakika"},"schema":{"@context":"https:\/\/schema.org","@graph":[{"@type":"WebPage","@id":"https:\/\/pandiones.com\/?product=kadin-pembe-dantelli-balenli-sutyen-ve-slip-set","url":"https:\/\/pandiones.com\/?product=kadin-pembe-dantelli-balenli-sutyen-ve-slip-set","name":"Kad\u0131n Pembe Dantelli Balenli S\u00fctyen ve Slip Set - Pandiones","isPartOf":{"@id":"https:\/\/pandiones.com\/#website"},"primaryImageOfPage":{"@id":"https:\/\/pandiones.com\/?product=kadin-pembe-dantelli-balenli-sutyen-ve-slip-set#primaryimage"},"image":{"@id":"https:\/\/pandiones.com\/?product=kadin-pembe-dantelli-balenli-sutyen-ve-slip-set#primaryimage"},"thumbnailUrl":"https:\/\/pandiones.com\/wp-content\/uploads\/2026\/03\/1_org_zoom-7.webp","datePublished":"2026-03-27T15:48:42+00:00","dateModified":"2026-03-27T15:51:02+00:00","breadcrumb":{"@id":"https:\/\/pandiones.com\/?product=kadin-pembe-dantelli-balenli-sutyen-ve-slip-set#breadcrumb"},"inLanguage":"tr","potentialAction":[{"@type":"ReadAction","target":["https:\/\/pandiones.com\/?product=kadin-pembe-dantelli-balenli-sutyen-ve-slip-set"]}]},{"@type":"ImageObject","inLanguage":"tr","@id":"https:\/\/pandiones.com\/?product=kadin-pembe-dantelli-balenli-sutyen-ve-slip-set#primaryimage","url":"https:\/\/pandiones.com\/wp-content\/uploads\/2026\/03\/1_org_zoom-7.webp","contentUrl":"https:\/\/pandiones.com\/wp-content\/uploads\/2026\/03\/1_org_zoom-7.webp","width":1200,"height":1800},{"@type":"BreadcrumbList","@id":"https:\/\/pandiones.com\/?product=kadin-pembe-dantelli-balenli-sutyen-ve-slip-set#breadcrumb","itemListElement":[{"@type":"ListItem","position":1,"name":"Anasayfa","item":"https:\/\/pandiones.com\/"},{"@type":"ListItem","position":2,"name":"Shop","item":"https:\/\/pandiones.com\/?page_id=1573"},{"@type":"ListItem","position":3,"name":"Kad\u0131n Pembe Dantelli Balenli S\u00fctyen ve Slip Set"}]},{"@type":"WebSite","@id":"https:\/\/pandiones.com\/#website","url":"https:\/\/pandiones.com\/","name":"Pandiones","description":"G\u00fc\u00e7 ve Zerafet","publisher":{"@id":"https:\/\/pandiones.com\/#organization"},"potentialAction":[{"@type":"SearchAction","target":{"@type":"EntryPoint","urlTemplate":"https:\/\/pandiones.com\/?s={search_term_string}"},"query-input":{"@type":"PropertyValueSpecification","valueRequired":true,"valueName":"search_term_string"}}],"inLanguage":"tr"},{"@type":"Organization","@id":"https:\/\/pandiones.com\/#organization","name":"Pandiones","url":"https:\/\/pandiones.com\/","logo":{"@type":"ImageObject","inLanguage":"tr","@id":"https:\/\/pandiones.com\/#\/schema\/logo\/image\/","url":"https:\/\/pandiones.com\/wp-content\/uploads\/2026\/03\/k.png","contentUrl":"https:\/\/pandiones.com\/wp-content\/uploads\/2026\/03\/k.png","width":1527,"height":727,"caption":"Pandiones"},"image":{"@id":"https:\/\/pandiones.com\/#\/schema\/logo\/image\/"}}]}},"jetpack_sharing_enabled":true,"_links":{"self":[{"href":"https:\/\/pandiones.com\/index.php?rest_route=\/wp\/v2\/product\/1886","targetHints":{"allow":["GET"]}}],"collection":[{"href":"https:\/\/pandiones.com\/index.php?rest_route=\/wp\/v2\/product"}],"about":[{"href":"https:\/\/pandiones.com\/index.php?rest_route=\/wp\/v2\/types\/product"}],"replies":[{"embeddable":true,"href":"https:\/\/pandiones.com\/index.php?rest_route=%2Fwp%2Fv2%2Fcomments&post=1886"}],"wp:featuredmedia":[{"embeddable":true,"href":"https:\/\/pandiones.com\/index.php?rest_route=\/wp\/v2\/media\/1887"}],"wp:attachment":[{"href":"https:\/\/pandiones.com\/index.php?rest_route=%2Fwp%2Fv2%2Fmedia&parent=1886"}],"wp:term":[{"taxonomy":"product_brand","embeddable":true,"href":"https:\/\/pandiones.com\/index.php?rest_route=%2Fwp%2Fv2%2Fproduct_brand&post=1886"},{"taxonomy":"product_cat","embeddable":true,"href":"https:\/\/pandiones.com\/index.php?rest_route=%2Fwp%2Fv2%2Fproduct_cat&post=1886"},{"taxonomy":"product_tag","embeddable":true,"href":"https:\/\/pandiones.com\/index.php?rest_route=%2Fwp%2Fv2%2Fproduct_tag&post=1886"}],"curies":[{"name":"wp","href":"https:\/\/api.w.org\/{rel}","templated":true}]}}